{"id":2,"date":"2020-09-26T21:40:45","date_gmt":"2020-09-26T21:40:45","guid":{"rendered":"https:\/\/new.autoservice-doering.de\/?page_id=2"},"modified":"2026-02-20T06:54:58","modified_gmt":"2026-02-20T06:54:58","slug":"sample-page","status":"publish","type":"page","link":"https:\/\/autoservice-doering.de\/","title":{"rendered":"Autoservice Doering"},"content":{"rendered":"\t\t<div data-elementor-type=\"wp-page\" data-elementor-id=\"2\" class=\"elementor elementor-2\">\n\t\t\t\t\t\t<section class=\"elementor-section elementor-top-section elementor-element elementor-element-6d63440 elementor-section-boxed elementor-section-height-default elementor-section-height-default\" data-id=\"6d63440\" data-element_type=\"section\" data-e-type=\"section\">\n\t\t\t\t\t\t<div class=\"elementor-container elementor-column-gap-default\">\n\t\t\t\t\t<div class=\"elementor-column elementor-col-100 elementor-top-column elementor-element elementor-element-fa4062e\" data-id=\"fa4062e\" data-element_type=\"column\" data-e-type=\"column\">\n\t\t\t<div class=\"elementor-widget-wrap elementor-element-populated\">\n\t\t\t\t\t\t<div class=\"elementor-element elementor-element-63b817e elementor-widget elementor-widget-text-editor\" data-id=\"63b817e\" data-element_type=\"widget\" data-e-type=\"widget\" data-widget_type=\"text-editor.default\">\n\t\t\t\t<div class=\"elementor-widget-container\">\n\t\t\t\t\t\t\t\t\t<p style=\"text-align: center;\"><span style=\"color: #000000;\"><em><strong>Sie suchen einen vertrauensvollen und zuverl\u00e4ssigen Ansprechpartner, wenn es um die Wartung oder die Reparatur Ihres Autos geht?<\/strong><\/em><\/span><\/p><p style=\"text-align: center;\"><span style=\"color: #000000;\"><em><strong>Da sind Sie bei uns genau richtig:<\/strong><\/em><\/span><\/p><p style=\"text-align: center;\"><span style=\"color: #000000;\"><em><strong>Mit unserem kompetenten Rundum-Service f\u00fcr alle Marken bietet Ihnen unsere Kfz-Reparaturwerkstatt Sofortservice und Meisterqualit\u00e4t zu erschwinglichen Preisen.<\/strong><\/em><\/span><\/p><p style=\"text-align: center;\"><span style=\"color: #000000;\"><em><strong>Wir freuen uns \u00fcber Ihren Besuch auf unseren Internetseiten. Hier m\u00f6chten wir Ihnen Einblicke in unsere t\u00e4gliche Arbeit und unser Leistungsspektrum geben.<\/strong><\/em><\/span><\/p><p style=\"text-align: center;\"><span style=\"color: #000000;\"><em><strong>Unser Team beantwortet Ihnen jederzeit gerne alle offenen Fragen.\u00a0<\/strong><\/em><\/span><\/p>\t\t\t\t\t\t\t\t<\/div>\n\t\t\t\t<\/div>\n\t\t\t\t\t<\/div>\n\t\t<\/div>\n\t\t\t\t\t<\/div>\n\t\t<\/section>\n\t\t\t\t<section class=\"elementor-section elementor-top-section elementor-element elementor-element-434e0e9 elementor-section-boxed elementor-section-height-default elementor-section-height-default\" data-id=\"434e0e9\" data-element_type=\"section\" data-e-type=\"section\">\n\t\t\t\t\t\t<div class=\"elementor-container elementor-column-gap-default\">\n\t\t\t\t\t<div class=\"elementor-column elementor-col-100 elementor-top-column elementor-element elementor-element-6a77548\" data-id=\"6a77548\" data-element_type=\"column\" data-e-type=\"column\">\n\t\t\t<div class=\"elementor-widget-wrap elementor-element-populated\">\n\t\t\t\t\t\t<div class=\"elementor-element elementor-element-4809711 elementor-widget elementor-widget-image\" data-id=\"4809711\" data-element_type=\"widget\" data-e-type=\"widget\" data-widget_type=\"image.default\">\n\t\t\t\t<div class=\"elementor-widget-container\">\n\t\t\t\t\t\t\t\t\t\t\t\t\t\t\t<img fetchpriority=\"high\" decoding=\"async\" width=\"1138\" height=\"400\" src=\"https:\/\/autoservice-doering.de\/wp-content\/uploads\/2020\/10\/20201002_171916-1138x400.jpg\" class=\"attachment-post-thumbnail size-post-thumbnail wp-image-74\" alt=\"\" \/>\t\t\t\t\t\t\t\t\t\t\t\t\t\t\t<\/div>\n\t\t\t\t<\/div>\n\t\t\t\t<div class=\"elementor-element elementor-element-ec28dcb elementor-widget elementor-widget-image\" data-id=\"ec28dcb\" data-element_type=\"widget\" data-e-type=\"widget\" data-widget_type=\"image.default\">\n\t\t\t\t<div class=\"elementor-widget-container\">\n\t\t\t\t\t\t\t\t\t\t\t\t\t\t\t<img decoding=\"async\" width=\"1138\" height=\"400\" src=\"https:\/\/autoservice-doering.de\/wp-content\/uploads\/2020\/10\/20201002_171912-1-scaled-e1603980226867-1138x400.jpg\" class=\"attachment-post-thumbnail size-post-thumbnail wp-image-112\" alt=\"\" \/>\t\t\t\t\t\t\t\t\t\t\t\t\t\t\t<\/div>\n\t\t\t\t<\/div>\n\t\t\t\t<div class=\"elementor-element elementor-element-5d5e4a8 elementor-widget elementor-widget-image\" data-id=\"5d5e4a8\" data-element_type=\"widget\" data-e-type=\"widget\" data-widget_type=\"image.default\">\n\t\t\t\t<div class=\"elementor-widget-container\">\n\t\t\t\t\t\t\t\t\t\t\t\t\t\t\t<img decoding=\"async\" width=\"1138\" height=\"400\" src=\"https:\/\/autoservice-doering.de\/wp-content\/uploads\/2020\/10\/Nordstr.-scaled-e1603980155797-1138x400.jpg\" class=\"attachment-post-thumbnail size-post-thumbnail wp-image-71\" alt=\"\" \/>\t\t\t\t\t\t\t\t\t\t\t\t\t\t\t<\/div>\n\t\t\t\t<\/div>\n\t\t\t\t\t<\/div>\n\t\t<\/div>\n\t\t\t\t\t<\/div>\n\t\t<\/section>\n\t\t\t\t<section class=\"elementor-section elementor-top-section elementor-element elementor-element-e905b08 elementor-section-boxed elementor-section-height-default elementor-section-height-default\" data-id=\"e905b08\" data-element_type=\"section\" data-e-type=\"section\">\n\t\t\t\t\t\t<div class=\"elementor-container elementor-column-gap-default\">\n\t\t\t\t\t<div class=\"elementor-column elementor-col-100 elementor-top-column elementor-element elementor-element-8c5da86\" data-id=\"8c5da86\" data-element_type=\"column\" data-e-type=\"column\">\n\t\t\t<div class=\"elementor-widget-wrap elementor-element-populated\">\n\t\t\t\t\t\t<div class=\"elementor-element elementor-element-3af61eb elementor-widget elementor-widget-text-editor\" data-id=\"3af61eb\" data-element_type=\"widget\" data-e-type=\"widget\" data-widget_type=\"text-editor.default\">\n\t\t\t\t<div class=\"elementor-widget-container\">\n\t\t\t\t\t\t\t\t\t<p style=\"text-align: center;\"><em><strong><span style=\"color: #000000;\">T\u00e4glich kann es passieren, dass kleiner oder gr\u00f6\u00dfere Sch\u00e4den an Ihrem Fahrzeug auftreten, die behoben werden m\u00fcssen.<\/span><\/strong><\/em><\/p><p style=\"text-align: center;\">\u00a0<\/p><p style=\"text-align: center;\"><em><strong><span style=\"color: #000000;\">Neben Reparaturen f\u00fchren wir auch Inspektionen nach Herstellervorgabe an allen Fabrikaten durch.<\/span><\/strong><\/em><\/p><p style=\"text-align: center;\"><em><strong><span style=\"color: #000000;\">Wir garantieren hochwertige Arbeit zu fairen Preisen, qualifizierte Mitarbeiter und schnelle Bearbeitungszeiten.<\/span><\/strong><\/em><\/p><p style=\"text-align: center;\"><em><strong><span style=\"color: #000000;\">Das macht unseren Betrieb zur Werkstatt Ihres Vertrauens.<\/span><\/strong><\/em><\/p><p style=\"text-align: center;\">\u00a0<\/p>\t\t\t\t\t\t\t\t<\/div>\n\t\t\t\t<\/div>\n\t\t\t\t\t<\/div>\n\t\t<\/div>\n\t\t\t\t\t<\/div>\n\t\t<\/section>\n\t\t\t\t<section class=\"elementor-section elementor-top-section elementor-element elementor-element-42534f4 elementor-section-boxed elementor-section-height-default elementor-section-height-default\" data-id=\"42534f4\" data-element_type=\"section\" data-e-type=\"section\">\n\t\t\t\t\t\t<div class=\"elementor-container elementor-column-gap-default\">\n\t\t\t\t\t<div class=\"elementor-column elementor-col-100 elementor-top-column elementor-element elementor-element-4669816\" data-id=\"4669816\" data-element_type=\"column\" data-e-type=\"column\">\n\t\t\t<div class=\"elementor-widget-wrap elementor-element-populated\">\n\t\t\t\t\t\t<div class=\"elementor-element elementor-element-2aab465 elementor-widget elementor-widget-image\" data-id=\"2aab465\" data-element_type=\"widget\" data-e-type=\"widget\" data-widget_type=\"image.default\">\n\t\t\t\t<div class=\"elementor-widget-container\">\n\t\t\t\t\t\t\t\t\t\t\t\t\t\t\t<img loading=\"lazy\" decoding=\"async\" width=\"730\" height=\"547\" src=\"https:\/\/autoservice-doering.de\/wp-content\/uploads\/2021\/12\/Stefan-Doering-1-von-1-1024x767.jpg\" class=\"attachment-large size-large wp-image-194\" alt=\"\" srcset=\"https:\/\/autoservice-doering.de\/wp-content\/uploads\/2021\/12\/Stefan-Doering-1-von-1-1024x767.jpg 1024w, https:\/\/autoservice-doering.de\/wp-content\/uploads\/2021\/12\/Stefan-Doering-1-von-1-300x225.jpg 300w, https:\/\/autoservice-doering.de\/wp-content\/uploads\/2021\/12\/Stefan-Doering-1-von-1-768x575.jpg 768w, https:\/\/autoservice-doering.de\/wp-content\/uploads\/2021\/12\/Stefan-Doering-1-von-1-1536x1151.jpg 1536w, https:\/\/autoservice-doering.de\/wp-content\/uploads\/2021\/12\/Stefan-Doering-1-von-1-2048x1534.jpg 2048w\" sizes=\"(max-width: 730px) 100vw, 730px\" \/>\t\t\t\t\t\t\t\t\t\t\t\t\t\t\t<\/div>\n\t\t\t\t<\/div>\n\t\t\t\t\t<\/div>\n\t\t<\/div>\n\t\t\t\t\t<\/div>\n\t\t<\/section>\n\t\t\t\t<section class=\"elementor-section elementor-top-section elementor-element elementor-element-d211da8 elementor-section-boxed elementor-section-height-default elementor-section-height-default\" data-id=\"d211da8\" data-element_type=\"section\" data-e-type=\"section\">\n\t\t\t\t\t\t<div class=\"elementor-container elementor-column-gap-default\">\n\t\t\t\t\t<div class=\"elementor-column elementor-col-100 elementor-top-column elementor-element elementor-element-64ca031\" data-id=\"64ca031\" data-element_type=\"column\" data-e-type=\"column\">\n\t\t\t<div class=\"elementor-widget-wrap elementor-element-populated\">\n\t\t\t\t\t\t\t<\/div>\n\t\t<\/div>\n\t\t\t\t\t<\/div>\n\t\t<\/section>\n\t\t\t\t<\/div>\n\t\t","protected":false},"excerpt":{"rendered":"<p>Sie suchen einen vertrauensvollen und zuverl\u00e4ssigen Ansprechpartner, wenn es um die Wartung oder die Reparatur Ihres Autos geht? Da sind Sie bei uns genau richtig: Mit unserem kompetenten Rundum-Service f\u00fcr alle Marken bietet Ihnen unsere Kfz-Reparaturwerkstatt Sofortservice und Meisterqualit\u00e4t zu&#8230; <a class=\"di-continue-reading\" href=\"https:\/\/autoservice-doering.de\/\"> Continue Reading&#8230;<\/a><\/p>\n","protected":false},"author":1,"featured_media":0,"parent":0,"menu_order":0,"comment_status":"closed","ping_status":"open","template":"","meta":{"footnotes":""},"class_list":["post-2","page","type-page","status-publish","hentry"],"_links":{"self":[{"href":"https:\/\/autoservice-doering.de\/index.php\/wp-json\/wp\/v2\/pages\/2","targetHints":{"allow":["GET"]}}],"collection":[{"href":"https:\/\/autoservice-doering.de\/index.php\/wp-json\/wp\/v2\/pages"}],"about":[{"href":"https:\/\/autoservice-doering.de\/index.php\/wp-json\/wp\/v2\/types\/page"}],"author":[{"embeddable":true,"href":"https:\/\/autoservice-doering.de\/index.php\/wp-json\/wp\/v2\/users\/1"}],"replies":[{"embeddable":true,"href":"https:\/\/autoservice-doering.de\/index.php\/wp-json\/wp\/v2\/comments?post=2"}],"version-history":[{"count":237,"href":"https:\/\/autoservice-doering.de\/index.php\/wp-json\/wp\/v2\/pages\/2\/revisions"}],"predecessor-version":[{"id":538,"href":"https:\/\/autoservice-doering.de\/index.php\/wp-json\/wp\/v2\/pages\/2\/revisions\/538"}],"wp:attachment":[{"href":"https:\/\/autoservice-doering.de\/index.php\/wp-json\/wp\/v2\/media?parent=2"}],"curies":[{"name":"wp","href":"https:\/\/api.w.org\/{rel}","templated":true}]}}