{"id":47,"date":"2020-09-26T22:41:35","date_gmt":"2020-09-26T22:41:35","guid":{"rendered":"https:\/\/new.autoservice-doering.de\/?page_id=47"},"modified":"2020-11-07T13:22:29","modified_gmt":"2020-11-07T13:22:29","slug":"ersatzwagen","status":"publish","type":"page","link":"https:\/\/autoservice-doering.de\/index.php\/ersatzwagen\/","title":{"rendered":"Ersatzwagen"},"content":{"rendered":"\t\t<div data-elementor-type=\"wp-page\" data-elementor-id=\"47\" class=\"elementor elementor-47\">\n\t\t\t\t\t\t<section class=\"elementor-section elementor-top-section elementor-element elementor-element-36f17bc5 elementor-section-boxed elementor-section-height-default elementor-section-height-default\" data-id=\"36f17bc5\" data-element_type=\"section\" data-e-type=\"section\">\n\t\t\t\t\t\t<div class=\"elementor-container elementor-column-gap-default\">\n\t\t\t\t\t<div class=\"elementor-column elementor-col-100 elementor-top-column elementor-element elementor-element-2a1768fc\" data-id=\"2a1768fc\" data-element_type=\"column\" data-e-type=\"column\">\n\t\t\t<div class=\"elementor-widget-wrap elementor-element-populated\">\n\t\t\t\t\t\t<div class=\"elementor-element elementor-element-20e3fba8 elementor-widget elementor-widget-text-editor\" data-id=\"20e3fba8\" data-element_type=\"widget\" data-e-type=\"widget\" data-widget_type=\"text-editor.default\">\n\t\t\t\t<div class=\"elementor-widget-container\">\n\t\t\t\t\t\t\t\t\t\n<p style=\"text-align: center;\"><span style=\"color: #000000;\"><em><strong>W\u00e4hrend Sie Ihr Auto zur \u00dcberarbeitung in unserer Werkstatt lassen, k\u00f6nnen wir Ihnen einen Ersatzwagen anbieten.<\/strong><\/em><\/span><\/p>\n<p><span style=\"color: #000000;\"><em><strong><\/strong><\/em><\/span><\/p>\n<p style=\"text-align: center;\"><span style=\"color: #000000;\"><em><strong>Zu g\u00fcnstigen Konditionen bleiben Sie so mobil! Rufen Sie uns an und informieren Sie sich!<\/strong><\/em><\/span><\/p>\n<p><span style=\"color: #000000;\"><em><strong><\/strong><\/em><\/span><\/p>\n<figure class=\"wp-block-image size-large\"><img fetchpriority=\"high\" decoding=\"async\" width=\"683\" height=\"1024\" class=\"wp-image-48\" src=\"https:\/\/autoservice-doering.de\/wp-content\/uploads\/2020\/09\/Ersatzwaagen-683x1024.jpg\" alt=\"\" srcset=\"https:\/\/autoservice-doering.de\/wp-content\/uploads\/2020\/09\/Ersatzwaagen-683x1024.jpg 683w, https:\/\/autoservice-doering.de\/wp-content\/uploads\/2020\/09\/Ersatzwaagen-200x300.jpg 200w, https:\/\/autoservice-doering.de\/wp-content\/uploads\/2020\/09\/Ersatzwaagen.jpg 720w\" sizes=\"(max-width: 683px) 100vw, 683px\" \/><\/figure>\n\t\t\t\t\t\t\t\t<\/div>\n\t\t\t\t<\/div>\n\t\t\t\t\t<\/div>\n\t\t<\/div>\n\t\t\t\t\t<\/div>\n\t\t<\/section>\n\t\t\t\t<\/div>\n\t\t","protected":false},"excerpt":{"rendered":"<p>W\u00e4hrend Sie Ihr Auto zur \u00dcberarbeitung in unserer Werkstatt lassen, k\u00f6nnen wir Ihnen einen Ersatzwagen anbieten. Zu g\u00fcnstigen Konditionen bleiben Sie so mobil! Rufen Sie uns an und informieren Sie sich!<\/p>\n","protected":false},"author":1,"featured_media":0,"parent":0,"menu_order":0,"comment_status":"closed","ping_status":"closed","template":"","meta":{"footnotes":""},"class_list":["post-47","page","type-page","status-publish","hentry"],"_links":{"self":[{"href":"https:\/\/autoservice-doering.de\/index.php\/wp-json\/wp\/v2\/pages\/47","targetHints":{"allow":["GET"]}}],"collection":[{"href":"https:\/\/autoservice-doering.de\/index.php\/wp-json\/wp\/v2\/pages"}],"about":[{"href":"https:\/\/autoservice-doering.de\/index.php\/wp-json\/wp\/v2\/types\/page"}],"author":[{"embeddable":true,"href":"https:\/\/autoservice-doering.de\/index.php\/wp-json\/wp\/v2\/users\/1"}],"replies":[{"embeddable":true,"href":"https:\/\/autoservice-doering.de\/index.php\/wp-json\/wp\/v2\/comments?post=47"}],"version-history":[{"count":3,"href":"https:\/\/autoservice-doering.de\/index.php\/wp-json\/wp\/v2\/pages\/47\/revisions"}],"predecessor-version":[{"id":130,"href":"https:\/\/autoservice-doering.de\/index.php\/wp-json\/wp\/v2\/pages\/47\/revisions\/130"}],"wp:attachment":[{"href":"https:\/\/autoservice-doering.de\/index.php\/wp-json\/wp\/v2\/media?parent=47"}],"curies":[{"name":"wp","href":"https:\/\/api.w.org\/{rel}","templated":true}]}}