{"id":51,"date":"2020-09-26T22:45:07","date_gmt":"2020-09-26T22:45:07","guid":{"rendered":"https:\/\/new.autoservice-doering.de\/?page_id=51"},"modified":"2025-03-31T12:28:39","modified_gmt":"2025-03-31T12:28:39","slug":"reifenservice","status":"publish","type":"page","link":"https:\/\/autoservice-doering.de\/index.php\/reifenservice\/","title":{"rendered":"Reifenservice"},"content":{"rendered":"\t\t<div data-elementor-type=\"wp-page\" data-elementor-id=\"51\" class=\"elementor elementor-51\">\n\t\t\t\t\t\t<section class=\"elementor-section elementor-top-section elementor-element elementor-element-4a9d2adb elementor-section-boxed elementor-section-height-default elementor-section-height-default\" data-id=\"4a9d2adb\" data-element_type=\"section\" data-e-type=\"section\">\n\t\t\t\t\t\t<div class=\"elementor-container elementor-column-gap-default\">\n\t\t\t\t\t<div class=\"elementor-column elementor-col-100 elementor-top-column elementor-element elementor-element-1bffa017\" data-id=\"1bffa017\" data-element_type=\"column\" data-e-type=\"column\">\n\t\t\t<div class=\"elementor-widget-wrap elementor-element-populated\">\n\t\t\t\t\t\t<div class=\"elementor-element elementor-element-7513ae7a elementor-widget elementor-widget-text-editor\" data-id=\"7513ae7a\" data-element_type=\"widget\" data-e-type=\"widget\" data-widget_type=\"text-editor.default\">\n\t\t\t\t<div class=\"elementor-widget-container\">\n\t\t\t\t\t\t\t\t\t<p><\/p>\n<p style=\"text-align: center;\"><span style=\"color: #000000;\"><em><strong>Wenn die kalte Jahreszeit ansteht, bieten wir Ihnen speziell f\u00fcr Ihr Fahrzeug einen umfassenden Reifen- und Winterservice, der Ihr Auto fit macht f\u00fcr Eis und Schnee.<\/strong><\/em><\/span><\/p>\n<p><span style=\"color: #000000;\"><em><strong><\/strong><\/em><\/span><\/p>\n<p style=\"text-align: center;\"><span style=\"color: #000000;\"><em><strong>Zus\u00e4tzlich zu dem Servicepaket bieten wir Ihnen au\u00dferdem Reifen zu fairen Preisen an.<\/strong><\/em><\/span><\/p>\n<p><span style=\"color: #000000;\"><em><strong><\/strong><\/em><\/span><\/p>\n<p style=\"text-align: center;\"><span style=\"color: #000000;\"><em><strong>Auch im Fr\u00fchjahr, wenn es wieder w\u00e4rmer wird, bieten wir Ihnen einen<\/strong><\/em><\/span><\/p>\n<p><span style=\"color: #000000;\"><em><strong><\/strong><\/em><\/span><\/p>\n<p style=\"text-align: center;\"><span style=\"color: #000000;\"><em><strong>umfassenden Reifen-und Fr\u00fchjahrsservice an.<\/strong><\/em><\/span><\/p>\n<p style=\"text-align: center;\"><span style=\"color: #000000;\"><em><strong>\u00a0<\/strong><\/em><\/span><\/p>\n<p style=\"text-align: center;\"><span style=\"color: #000000;\"><em><strong>\u00a0<\/strong><\/em><\/span><\/p>\n<p>\u00a0<\/p>\n<p><span style=\"color: #000000;\"><em><strong><\/strong><\/em><\/span><\/p>\n<figure class=\"wp-block-image size-large is-style-default\"><span style=\"color: #000000;\"><img decoding=\"async\" class=\"aligncenter wp-image-52 size-full\" src=\"https:\/\/autoservice-doering.de\/wp-content\/uploads\/2020\/09\/Reifenservice.jpg\" alt=\"\" width=\"240\" height=\"159\" \/><\/span><\/figure>\n<p><span style=\"color: #000000;\"><\/span><\/p>\n<ul class=\"wp-block-list\">\n<li style=\"text-align: left;\"><em><span style=\"color: #000000;\"><strong>Abgasanlage<\/strong><\/span><\/em><\/li>\n<li style=\"text-align: left;\"><em><span style=\"color: #000000;\"><strong>Batterie<\/strong><\/span><\/em><\/li>\n<li style=\"text-align: left;\"><em><span style=\"color: #000000;\"><strong>Beleuchtung und Warn- und Blinkanlagen<\/strong><\/span><\/em><\/li>\n<li style=\"text-align: left;\"><em><span style=\"color: #000000;\"><strong>Bremsanlage, Bremsbel\u00e4gen und Bremsfl\u00fcssigkeit<\/strong><\/span><\/em><\/li>\n<li style=\"text-align: left;\"><em><span style=\"color: #000000;\"><strong>Zustand der Reifen, inklusive Reserverad<\/strong><\/span><\/em><\/li>\n<li style=\"text-align: left;\"><em><span style=\"color: #000000;\"><strong>Reifendruck<\/strong><\/span><\/em><\/li>\n<li style=\"text-align: left;\"><em><span style=\"color: #000000;\"><strong>\u00d6lstand<\/strong><\/span><\/em><\/li>\n<li style=\"text-align: left;\"><em><span style=\"color: #000000;\"><strong>Scheibenwisch-Waschanlage<\/strong><\/span><\/em><\/li>\n<li style=\"text-align: left;\"><em><span style=\"color: #000000;\"><strong>T\u00fcrschl\u00f6sser und Schlie\u00dfzylinder<\/strong><\/span><\/em><\/li>\n<li style=\"text-align: left;\"><em><span style=\"color: #000000;\"><strong>Achsvermessung und Einstellung<\/strong><\/span><\/em><\/li>\n<\/ul>\n<p><span style=\"color: #000000;\"><\/span><\/p>\n<hr class=\"wp-block-separator\" \/>\n<p><span style=\"color: #000000;\"><\/span><\/p>\n<p style=\"text-align: center;\"><span style=\"color: #000000;\"><em><strong>Sommer-und Winterreifen, Felgen, Komplettr\u00e4der Beratung und Verkauf auch bei uns.<\/strong><\/em><\/span><\/p>\n<p><span style=\"color: #000000;\"><em><strong><\/strong><\/em><\/span><\/p>\n<p style=\"text-align: center;\"><span style=\"color: #000000;\"><em><strong>Wir \u00fcbernehmen den R\u00e4derwechsel und bei Bedarf auch die Einlagerung Ihrer R\u00e4der. Sprechen Sie uns an<\/strong><\/em><\/span><\/p>\n<p><\/p>\t\t\t\t\t\t\t\t<\/div>\n\t\t\t\t<\/div>\n\t\t\t\t\t<\/div>\n\t\t<\/div>\n\t\t\t\t\t<\/div>\n\t\t<\/section>\n\t\t\t\t<section class=\"elementor-section elementor-top-section elementor-element elementor-element-dfc15f8 elementor-section-boxed elementor-section-height-default elementor-section-height-default\" data-id=\"dfc15f8\" data-element_type=\"section\" data-e-type=\"section\">\n\t\t\t\t\t\t<div class=\"elementor-container elementor-column-gap-default\">\n\t\t\t\t\t<div class=\"elementor-column elementor-col-100 elementor-top-column elementor-element elementor-element-ef8843d\" data-id=\"ef8843d\" data-element_type=\"column\" data-e-type=\"column\">\n\t\t\t<div class=\"elementor-widget-wrap\">\n\t\t\t\t\t\t\t<\/div>\n\t\t<\/div>\n\t\t\t\t\t<\/div>\n\t\t<\/section>\n\t\t\t\t<\/div>\n\t\t","protected":false},"excerpt":{"rendered":"<p>Wenn die kalte Jahreszeit ansteht, bieten wir Ihnen speziell f\u00fcr Ihr Fahrzeug einen umfassenden Reifen- und Winterservice, der Ihr Auto fit macht f\u00fcr Eis und Schnee. Zus\u00e4tzlich zu dem Servicepaket bieten wir Ihnen au\u00dferdem Reifen zu fairen Preisen an. Auch&#8230; <a class=\"di-continue-reading\" href=\"https:\/\/autoservice-doering.de\/index.php\/reifenservice\/\"> Continue Reading&#8230;<\/a><\/p>\n","protected":false},"author":1,"featured_media":0,"parent":0,"menu_order":0,"comment_status":"closed","ping_status":"closed","template":"","meta":{"footnotes":""},"class_list":["post-51","page","type-page","status-publish","hentry"],"_links":{"self":[{"href":"https:\/\/autoservice-doering.de\/index.php\/wp-json\/wp\/v2\/pages\/51","targetHints":{"allow":["GET"]}}],"collection":[{"href":"https:\/\/autoservice-doering.de\/index.php\/wp-json\/wp\/v2\/pages"}],"about":[{"href":"https:\/\/autoservice-doering.de\/index.php\/wp-json\/wp\/v2\/types\/page"}],"author":[{"embeddable":true,"href":"https:\/\/autoservice-doering.de\/index.php\/wp-json\/wp\/v2\/users\/1"}],"replies":[{"embeddable":true,"href":"https:\/\/autoservice-doering.de\/index.php\/wp-json\/wp\/v2\/comments?post=51"}],"version-history":[{"count":8,"href":"https:\/\/autoservice-doering.de\/index.php\/wp-json\/wp\/v2\/pages\/51\/revisions"}],"predecessor-version":[{"id":142,"href":"https:\/\/autoservice-doering.de\/index.php\/wp-json\/wp\/v2\/pages\/51\/revisions\/142"}],"wp:attachment":[{"href":"https:\/\/autoservice-doering.de\/index.php\/wp-json\/wp\/v2\/media?parent=51"}],"curies":[{"name":"wp","href":"https:\/\/api.w.org\/{rel}","templated":true}]}}